{"id":6515,"date":"2025-01-27T11:32:50","date_gmt":"2025-01-27T11:32:50","guid":{"rendered":"https:\/\/thedollchronicles.com\/dsite\/?page_id=6515"},"modified":"2025-01-27T11:32:51","modified_gmt":"2025-01-27T11:32:51","slug":"about-the-doll-chronicles-series","status":"publish","type":"page","link":"https:\/\/thedollchronicles.com\/dsite\/about-the-doll-chronicles-series\/","title":{"rendered":"About The Doll Chronicles"},"content":{"rendered":"<div class=\"wp-block-image is-style-default\">\n<figure class=\"aligncenter\"><img fetchpriority=\"high\" decoding=\"async\" width=\"2384\" height=\"670\" src=\"https:\/\/thedollchronicles.com\/dsite\/wp-content\/uploads\/2021\/06\/Doll-Chronicles-Main-Logo-Blur-Black-2k.png\" alt=\"The Doll Chronicles Logo Black\" class=\"wp-image-58\" srcset=\"https:\/\/thedollchronicles.com\/dsite\/wp-content\/uploads\/2021\/06\/Doll-Chronicles-Main-Logo-Blur-Black-2k.png 2384w, https:\/\/thedollchronicles.com\/dsite\/wp-content\/uploads\/2021\/06\/Doll-Chronicles-Main-Logo-Blur-Black-2k-300x84.png 300w, https:\/\/thedollchronicles.com\/dsite\/wp-content\/uploads\/2021\/06\/Doll-Chronicles-Main-Logo-Blur-Black-2k-1024x288.png 1024w, https:\/\/thedollchronicles.com\/dsite\/wp-content\/uploads\/2021\/06\/Doll-Chronicles-Main-Logo-Blur-Black-2k-768x216.png 768w, https:\/\/thedollchronicles.com\/dsite\/wp-content\/uploads\/2021\/06\/Doll-Chronicles-Main-Logo-Blur-Black-2k-1536x432.png 1536w, https:\/\/thedollchronicles.com\/dsite\/wp-content\/uploads\/2021\/06\/Doll-Chronicles-Main-Logo-Blur-Black-2k-1568x441.png 1568w\" sizes=\"(max-width: 2384px) 100vw, 2384px\" \/><\/figure>\n<\/div>\n\n\n<p><em><strong>The Doll Chronicles<\/strong><\/em> is <a href=\"https:\/\/francoesteve.com\">Franco Esteve<\/a>&#8216;s semi-silent, music based, experimental short film series about Doll, a woman living on the edge of reality. The series tackles social issues and other situations and attempts, through music and with limited resources, to express and elicit certain feelings, thoughts, concepts, and to tell a particular story. There are currently four films in the series, though the first one, <em><strong>Reaction, The Doll Chronicles<\/strong><\/em> is no longer available, as it was an experiment to define the concept.<\/p>\n\n\n\n<div style=\"height:52px\" aria-hidden=\"true\" class=\"wp-block-spacer\"><\/div>\n\n\n\n<h3 class=\"wp-block-heading\">Series Origins<\/h3>\n\n\n\n<p><\/p>\n\n\n\n<p>The series was born, as many things are, from beers with friends. Out of a random comment by N\u00faria Garcia about throwing a barbie doll off the balcony and having it be a real girl when she landed, <a href=\"https:\/\/francoesteve.com\">Franco Esteve<\/a> was inspired to develop a story about the birth of a serial killer. Emma Saura Woods and Franco thought it would be cool to film it and what was initially called &#8220;The Barbie Chronicles&#8221; was born. That first film, truly experimental and shot as a musical art piece and through the eyes of the child\/serial killer, was called Reaction, and included a scene with N\u00faria Garcia&#8217;s fascinating comment.<\/p>\n\n\n<div class=\"wp-block-image is-style-default\">\n<figure class=\"alignright size-medium\"><a href=\"https:\/\/thedollchronicles.com\/dsite\/the-films\/paranoia-the-doll-chronicles\/\"><img decoding=\"async\" width=\"300\" height=\"183\" src=\"https:\/\/thedollchronicles.com\/dsite\/wp-content\/uploads\/2021\/06\/Paranoia_PosterDollShot_1000-300x183.jpg\" alt=\"Paranoia, The Doll Chronicles Short Film Promo Image\" class=\"wp-image-6462\" srcset=\"https:\/\/thedollchronicles.com\/dsite\/wp-content\/uploads\/2021\/06\/Paranoia_PosterDollShot_1000-300x183.jpg 300w, https:\/\/thedollchronicles.com\/dsite\/wp-content\/uploads\/2021\/06\/Paranoia_PosterDollShot_1000-768x468.jpg 768w, https:\/\/thedollchronicles.com\/dsite\/wp-content\/uploads\/2021\/06\/Paranoia_PosterDollShot_1000.jpg 1000w\" sizes=\"(max-width: 300px) 100vw, 300px\" \/><\/a><figcaption class=\"wp-element-caption\">Emma Saura Woods in a scene from <br>Paranoia, The Doll Chronicles<\/figcaption><\/figure>\n<\/div>\n\n\n<p>But Franco wasn&#8217;t satisfied with just that story, and together with Emma Saura Woods, decided to develop a new series, something lowfi, but that captured proper stories, using the best elements of that original &#8220;Barbie Chronicle&#8221; and that&#8217;s how <em><strong>The Doll Chronicles<\/strong><\/em> was born. The first was <em><strong><a href=\"https:\/\/thedollchronicles.com\/dsite\/the-films\/paranoia-the-doll-chronicles\/\" data-type=\"page\" data-id=\"34\">Paranoia, The Doll Chronicles<\/a><\/strong><\/em>, a story about the paranoia one feels after reading a horror book. The film starred Emma Saura Woods and included cameos by both <a href=\"https:\/\/francoesteve.com\">Franco Esteve<\/a> and N\u00faria Garcia in the roles of creatures.<\/p>\n\n\n\n<p>With <em><strong><a href=\"https:\/\/thedollchronicles.com\/dsite\/the-films\/paranoia-the-doll-chronicles\/\" data-type=\"page\" data-id=\"34\">Paranoia, The Doll Chronicles<\/a><\/strong><\/em>, Franco felt he had developed a proper art piece, with his music driving the story. It was the film that truly defined what the series could become, and led to the next story: Consequence.<\/p>\n\n\n\n<div style=\"height:50px\" aria-hidden=\"true\" class=\"wp-block-spacer\"><\/div>\n\n\n\n<h3 class=\"wp-block-heading\"><a href=\"https:\/\/thedollchronicles.com\/dsite\/the-films\/consequence-the-doll-chronicles\/\" data-type=\"page\" data-id=\"37\">Consequence, The Doll Chronicles<\/a><\/h3>\n\n\n\n<p><\/p>\n\n\n\n<p><em><strong><a href=\"https:\/\/thedollchronicles.com\/dsite\/the-films\/consequence-the-doll-chronicles\/\" data-type=\"page\" data-id=\"37\">Consequence, The Doll Chronicles<\/a><\/strong><\/em> is a story we all know, seen or heard of, though none of us would like to acknowledge that something that horrible happens around us. It&#8217;s a story Franco had been wanting to tell, and it was inspired on a Larry Clark photo from his Tulsa collection, where a girl gives in as a guy injects her with drugs. For Franco, it&#8217;s a powerful image of love, trust, and total submission.<\/p>\n\n\n<div class=\"wp-block-image is-style-default\">\n<figure class=\"alignleft size-medium\"><a href=\"https:\/\/thedollchronicles.com\/dsite\/the-films\/consequence-the-doll-chronicles\/\"><img decoding=\"async\" width=\"300\" height=\"152\" src=\"https:\/\/thedollchronicles.com\/dsite\/wp-content\/uploads\/2021\/06\/Bernat_Marisa_Beach_Title_Art_1000-300x152.jpg\" alt=\"Consequence, The Doll Chronicles Promo Shot\" class=\"wp-image-88\" srcset=\"https:\/\/thedollchronicles.com\/dsite\/wp-content\/uploads\/2021\/06\/Bernat_Marisa_Beach_Title_Art_1000-300x152.jpg 300w, https:\/\/thedollchronicles.com\/dsite\/wp-content\/uploads\/2021\/06\/Bernat_Marisa_Beach_Title_Art_1000-768x389.jpg 768w, https:\/\/thedollchronicles.com\/dsite\/wp-content\/uploads\/2021\/06\/Bernat_Marisa_Beach_Title_Art_1000.jpg 966w\" sizes=\"(max-width: 300px) 100vw, 300px\" \/><\/a><figcaption class=\"wp-element-caption\">Marisa Reyes Dur\u00e1n and Bernat Piz\u00e0 Galm\u00e9s in a scene from Consequence, The Doll Chronicles<\/figcaption><\/figure>\n<\/div>\n\n\n<p>The story follows Doll, a woman having drinks with her friends, who then falls in love with a man who leads her down a dark path and consequences ensue. The film is purely music driven and captures that story from beginning to its logical end.<\/p>\n\n\n\n<p><em><strong><a href=\"https:\/\/thedollchronicles.com\/dsite\/the-films\/consequence-the-doll-chronicles\/\" data-type=\"page\" data-id=\"37\">Consequence, The Doll Chronicles<\/a><\/strong><\/em> truly captured the essence of what <a href=\"https:\/\/francoesteve.com\">Franco Esteve<\/a> wanted to do with <em><strong>The Doll Chronicles<\/strong><\/em> as a concept, as an art piece, as a form of expression, and as an idea of creation of something beautiful and relevant with no resources. It was created the &#8220;<strong>Tecato<\/strong>&#8221; way, in accordance with his idea of <em><strong>Producciones Tecatas<\/strong><\/em>, basically with whatever&#8217;s available, both in terms of cameras and of lighting, a kind of survival filmmaking.<\/p>\n\n\n\n<p>The film was well received with a number of accolades, particularly for the film&#8217;s score. This led to an even more ambitious project, <em><strong><a href=\"https:\/\/thedollchronicles.com\/dsite\/the-films\/apocalypse-the-doll-chronicles\/\" data-type=\"page\" data-id=\"39\">Apocalypse, The Doll Chronicles<\/a><\/strong><\/em>.<\/p>\n\n\n\n<div style=\"height:54px\" aria-hidden=\"true\" class=\"wp-block-spacer\"><\/div>\n\n\n\n<h3 class=\"wp-block-heading\">Beyond Consequence and Franco&#8217;s Apocalypse<\/h3>\n\n\n\n<p><\/p>\n\n\n\n<p>With the success of <em><strong><a href=\"https:\/\/thedollchronicles.com\/dsite\/the-films\/consequence-the-doll-chronicles\/\" data-type=\"page\" data-id=\"37\">Consequence, The Doll Chronicles<\/a><\/strong><\/em>, <a href=\"https:\/\/francoesteve.com\">Franco Esteve<\/a> got even more ambitious, wanting to create a multi-layered short film about child abuse and trauma, within a surreal post-apocalyptic landscape that had viewers questioning reality and pushed the concept of Doll, a woman on the edge of reality. Though it would mainly be music based, it would include dialog and would be slightly longer and more of a conceptual mix.<\/p>\n\n\n\n<p>Principal photography began during short periods in 2015 and concluded in 2016. It was filmed during weekends and holidays. Franco had already started working on the music even before filming, having a strong idea as to where he wanted to go musically and with the story all the way back in 2014. A trailer was cut and released in 2017. Sadly, tragedy ensued as the main content hard drive that had most of the film died. The editing file and some of the work-in-progress content was also corrupted. Franco gave up on Apocalypse and on The Doll Chronicles.<\/p>\n\n\n<div class=\"wp-block-image is-style-default\">\n<figure class=\"alignright size-medium\"><a href=\"https:\/\/thedollchronicles.com\/dsite\/the-films\/apocalypse-the-doll-chronicles\/\"><img loading=\"lazy\" decoding=\"async\" width=\"300\" height=\"169\" src=\"https:\/\/thedollchronicles.com\/dsite\/wp-content\/uploads\/2021\/06\/Apocalypse-Charlotte-in-the-sky-300x169.jpg\" alt=\"Charlotte March in a scene from Apocalypse, The Doll Chronicles\" class=\"wp-image-6407\" srcset=\"https:\/\/thedollchronicles.com\/dsite\/wp-content\/uploads\/2021\/06\/Apocalypse-Charlotte-in-the-sky-300x169.jpg 300w, https:\/\/thedollchronicles.com\/dsite\/wp-content\/uploads\/2021\/06\/Apocalypse-Charlotte-in-the-sky-1024x576.jpg 1024w, https:\/\/thedollchronicles.com\/dsite\/wp-content\/uploads\/2021\/06\/Apocalypse-Charlotte-in-the-sky-768x432.jpg 768w, https:\/\/thedollchronicles.com\/dsite\/wp-content\/uploads\/2021\/06\/Apocalypse-Charlotte-in-the-sky-1536x864.jpg 1536w, https:\/\/thedollchronicles.com\/dsite\/wp-content\/uploads\/2021\/06\/Apocalypse-Charlotte-in-the-sky.jpg 1920w\" sizes=\"(max-width: 300px) 100vw, 300px\" \/><\/a><figcaption class=\"wp-element-caption\">Charlotte March in a scene from Apocalypse, The Doll Chronicles<\/figcaption><\/figure>\n<\/div>\n\n\n<p>It wasn&#8217;t until around 2019 that things started to look up for the series. An old hard drive appeared with a few of the original files, including more of the music. An old iPad also had more of the original music as well. Little by little Franco decided to try to restore some of that content and to restore another old drive that he thought might have some more of the original material. During 2020, he had recovered enough of the film that he saw he could perhaps finish the film, not his original, overly ambitious vision and story, but something more conceptual, and more in line with the original <em><strong>The Doll Chronicles<\/strong><\/em> concept.<\/p>\n\n\n\n<p>In June 2021, it was finished and entered the festival circuit, garnering selections, awards, and other accolades. <a href=\"https:\/\/francoesteve.com\">Franco Esteve<\/a>&#8216;s apocalyptic score was released on July 14th, 2021 and included a lot of the original musical concepts developed for that long lost version of the film. The main ambient song driving the film, <em><strong>The Space Between<\/strong><\/em>, was selected by Spotify editors for their <em><strong>Ambient Film Scores<\/strong><\/em> editorial playlist and was there for the full time it existed, which was nearly 3 years. The album has over a million streams on Spotify alone. Find out more about the soundtrack at Franco Esteve&#8217;s website <a href=\"https:\/\/www.francoesteve.com\/music\/apocalypse-the-doll-chronicles-original-soundtrack\/\">here<\/a>. You can also listen to it on the most popular streaming services by clicking on the corresponding link: <em><strong><a href=\"https:\/\/open.spotify.com\/album\/4WhWjbx6sPbnmTCjCZ0Qmv\" target=\"_blank\" rel=\"noreferrer noopener\">Spotify<\/a>, <a href=\"https:\/\/music.apple.com\/us\/album\/apocalypse-the-doll-chronicles-original-soundtrack\/1572357905\" target=\"_blank\" rel=\"noreferrer noopener\">Apple Music<\/a>, <a href=\"https:\/\/tidal.com\/browse\/album\/187782441\" target=\"_blank\" rel=\"noreferrer noopener\">Tidal<\/a>, <a href=\"https:\/\/music.youtube.com\/playlist?list=OLAK5uy_kbAkhDxlUZ5B3M0euFOSKU1kSXy_tZZH0&amp;feature=share\" target=\"_blank\" rel=\"noreferrer noopener\">YouTube<\/a>, <a href=\"https:\/\/amzn.to\/3xGtLdJ\" target=\"_blank\" rel=\"noreferrer noopener\">Amazon Music<\/a>, <a href=\"https:\/\/francoesteve.bandcamp.com\/album\/apocalypse-the-doll-chronicles-original-soundtrack\" target=\"_blank\" rel=\"noreferrer noopener\">Bandcamp<\/a><\/strong><\/em>, or search for it on your favorite streaming service.<\/p>\n\n\n\n<p>Watch the trailer for <em><strong><a href=\"https:\/\/thedollchronicles.com\/dsite\/the-films\/apocalypse-the-doll-chronicles\/\" data-type=\"page\" data-id=\"39\">Apocalypse, The Doll Chronicles<\/a><\/strong><\/em> and find out more <a href=\"https:\/\/thedollchronicles.com\/dsite\/the-films\/apocalypse-the-doll-chronicles\/\">here<\/a>.<\/p>\n\n\n\n<hr class=\"wp-block-separator has-css-opacity aligncenter is-style-wide\"\/>\n\n\n\n<p class=\"has-text-align-center\"><a href=\"https:\/\/thedollchronicles.com\/dsite\/the-films\/apocalypse-the-doll-chronicles\/\">APOCALYPSE<\/a>&nbsp;\u2022&nbsp;<a href=\"https:\/\/thedollchronicles.com\/dsite\/the-films\/consequence-the-doll-chronicles\/\">CONSEQUENCE<\/a>&nbsp;\u2022&nbsp;<a href=\"https:\/\/thedollchronicles.com\/dsite\/the-films\/paranoia-the-doll-chronicles\/\">PARANOIA<\/a><\/p>\n","protected":false},"excerpt":{"rendered":"<p>The Doll Chronicles is Franco Esteve&#8216;s semi-silent, music based, experimental short film series about Doll, a woman [&hellip;]<\/p>\n","protected":false},"author":1,"featured_media":0,"parent":0,"menu_order":0,"comment_status":"closed","ping_status":"closed","template":"","meta":{"advanced_seo_description":"","jetpack_seo_html_title":"","jetpack_seo_noindex":false,"footnotes":""},"class_list":["post-6515","page","type-page","status-publish","hentry"],"jetpack_sharing_enabled":true,"jetpack_shortlink":"https:\/\/wp.me\/Pd9cpw-1H5","_links":{"self":[{"href":"https:\/\/thedollchronicles.com\/dsite\/wp-json\/wp\/v2\/pages\/6515","targetHints":{"allow":["GET"]}}],"collection":[{"href":"https:\/\/thedollchronicles.com\/dsite\/wp-json\/wp\/v2\/pages"}],"about":[{"href":"https:\/\/thedollchronicles.com\/dsite\/wp-json\/wp\/v2\/types\/page"}],"author":[{"embeddable":true,"href":"https:\/\/thedollchronicles.com\/dsite\/wp-json\/wp\/v2\/users\/1"}],"replies":[{"embeddable":true,"href":"https:\/\/thedollchronicles.com\/dsite\/wp-json\/wp\/v2\/comments?post=6515"}],"version-history":[{"count":18,"href":"https:\/\/thedollchronicles.com\/dsite\/wp-json\/wp\/v2\/pages\/6515\/revisions"}],"predecessor-version":[{"id":7235,"href":"https:\/\/thedollchronicles.com\/dsite\/wp-json\/wp\/v2\/pages\/6515\/revisions\/7235"}],"wp:attachment":[{"href":"https:\/\/thedollchronicles.com\/dsite\/wp-json\/wp\/v2\/media?parent=6515"}],"curies":[{"name":"wp","href":"https:\/\/api.w.org\/{rel}","templated":true}]}}