{"id":39,"date":"2021-06-12T10:13:41","date_gmt":"2021-06-12T10:13:41","guid":{"rendered":"https:\/\/thedollchronicles.com\/dsite\/?page_id=39"},"modified":"2021-12-10T19:49:58","modified_gmt":"2021-12-10T19:49:58","slug":"apocalypse-the-doll-chronicles","status":"publish","type":"page","link":"https:\/\/thedollchronicles.com\/dsite\/the-films\/apocalypse-the-doll-chronicles\/","title":{"rendered":"Apocalypse, The Doll Chronicles"},"content":{"rendered":"\r\n<h4 style=\"text-align: center;\">Film, Trailer &amp; Info \u2022 <a style=\"color: #609fed;\" href=\"https:\/\/thedollchronicles.com\/dsite\/the-films\/apocalypse-the-doll-chronicles\/apocalypse-promo-and-production-stills\/\">Promo &amp; Production Stills<\/a> \u2022 <a style=\"color: #609fed;\" href=\"https:\/\/thedollchronicles.com\/dsite\/the-films\/apocalypse-the-doll-chronicles\/about-apocalypse\/\">Film Credits<\/a><\/h4>\r\n<hr \/>\r\n<p style=\"text-align: center;\"><a href=\"https:\/\/youtu.be\/ButGdAzOowY\"><strong><em>Watch the film<\/em><\/strong><\/a> on YouTube <a href=\"https:\/\/youtu.be\/ButGdAzOowY\">here<\/a>, or watch the trailer &amp; find out more about the film below<\/p>\r\n\r\n\r\n\r\n\r\n<h2 style=\"text-align: center;\">Apocalypse, The Doll Chronicles<\/h2>\r\n<p>&nbsp;<\/p>\r\n<p><img fetchpriority=\"high\" decoding=\"async\" class=\"size-medium wp-image-6808 alignleft\" src=\"https:\/\/thedollchronicles.com\/dsite\/wp-content\/uploads\/2021\/09\/FinalFullCredits_Apocalypse_Poster_Laurel_10-1-225x300.jpg\" alt=\"Apocalypse, The Doll Chronicles Official Poster\" width=\"225\" height=\"300\" srcset=\"https:\/\/thedollchronicles.com\/dsite\/wp-content\/uploads\/2021\/09\/FinalFullCredits_Apocalypse_Poster_Laurel_10-1-225x300.jpg 225w, https:\/\/thedollchronicles.com\/dsite\/wp-content\/uploads\/2021\/09\/FinalFullCredits_Apocalypse_Poster_Laurel_10-1-768x1024.jpg 768w, https:\/\/thedollchronicles.com\/dsite\/wp-content\/uploads\/2021\/09\/FinalFullCredits_Apocalypse_Poster_Laurel_10-1-1152x1536.jpg 1152w, https:\/\/thedollchronicles.com\/dsite\/wp-content\/uploads\/2021\/09\/FinalFullCredits_Apocalypse_Poster_Laurel_10-1-1536x2048.jpg 1536w, https:\/\/thedollchronicles.com\/dsite\/wp-content\/uploads\/2021\/09\/FinalFullCredits_Apocalypse_Poster_Laurel_10-1-scaled.jpg 1919w\" sizes=\"(max-width: 225px) 100vw, 225px\" \/>Completed and released in 2021,<strong><em> Apocalypse, The Doll Chronicles<\/em><\/strong> is the film that never was. The footage was originally shot in 2015-2016 and it was meant as an overly ambitious entry into <strong><em>The Doll Chronicles<\/em><\/strong> series, but sadly most of the footage was lost to dead hard drives. From footage found and restored in old drives found years later, <a href=\"https:\/\/francoesteve.com\">Franco Esteve<\/a>\u2019s great Doll Chronicles frustration, <strong><em>Apocalypse<\/em><\/strong> was rebuilt, refocused, and finished as a thought, a conceptual music driven, experimental film more in line with <strong><em>The Doll Chronicles<\/em><\/strong> concept, and yet, maintaining some of the original dialog and ideas.<\/p>\r\n\r\n\r\n\r\n<p><img decoding=\"async\" class=\"size-medium wp-image-6370 alignright\" src=\"https:\/\/thedollchronicles.com\/dsite\/wp-content\/uploads\/2021\/06\/Apocalypse_PromoShot_Chase-300x169.jpg\" alt=\"Franco Esteve's Apocalypse, The Doll Chronicles Chase Scene Promo Shot\" width=\"300\" height=\"169\" srcset=\"https:\/\/thedollchronicles.com\/dsite\/wp-content\/uploads\/2021\/06\/Apocalypse_PromoShot_Chase-300x169.jpg 300w, https:\/\/thedollchronicles.com\/dsite\/wp-content\/uploads\/2021\/06\/Apocalypse_PromoShot_Chase-1024x577.jpg 1024w, https:\/\/thedollchronicles.com\/dsite\/wp-content\/uploads\/2021\/06\/Apocalypse_PromoShot_Chase-768x433.jpg 768w, https:\/\/thedollchronicles.com\/dsite\/wp-content\/uploads\/2021\/06\/Apocalypse_PromoShot_Chase-1536x865.jpg 1536w, https:\/\/thedollchronicles.com\/dsite\/wp-content\/uploads\/2021\/06\/Apocalypse_PromoShot_Chase.jpg 1917w\" sizes=\"(max-width: 300px) 100vw, 300px\" \/>The film follows Doll, a woman on the edge of reality, as she explores what looks like a desolate, post-apocalyptic landscape. Something or someone appears to be chasing her, and as we follow her travels the darkness becomes clearer and we learn what it\u2019s all about. The final film can be interpreted a number of ways, but the social awareness focus is still on trauma, particularly childhood trauma and abuse.<\/p>\r\n\r\n\r\n\r\n<p>The film features new actors Charlotte March, Danny Brooks, and Llucia Piz\u00e0, and sees the return of Consequence actors, Marisa Reyes Dur\u00e1n and Bernat Piz\u00e0 Galmes, with another cameo by executive producer, Emma Saura Woods in a party scene with other extras.<\/p>\r\n<p>You can <a href=\"https:\/\/youtu.be\/ButGdAzOowY\">watch the film<\/a> on YouTube now <a href=\"https:\/\/youtu.be\/ButGdAzOowY\">here<\/a>, or the trailer above. The film is currently in the film festival circuit, having received Best Experimental Film at EdiPlay International Film Festival in France, Best Short Film at Medusa Film Festival, and other accolades for both the film and the music.<\/p>\r\n<h3 style=\"text-align: center;\">Watch and More<\/h3>\r\n\r\n\r\n\r\n<ul>\r\n<li><a href=\"https:\/\/youtu.be\/ButGdAzOowY\">Watch the film<\/a> on YouTube <a href=\"https:\/\/youtu.be\/ButGdAzOowY\">here<\/a>.<\/li>\r\n<li><a href=\"https:\/\/youtu.be\/znaxA_yJsMc\">Watch the trailer<\/a> on YouTube on this page or on Franco Esteve&#8217;s YouTube channel\u00a0<a href=\"https:\/\/youtu.be\/znaxA_yJsMc\">here<\/a>.<\/li>\r\n<li>See promo and production stills <a href=\"https:\/\/thedollchronicles.com\/dsite\/the-films\/apocalypse-the-doll-chronicles\/apocalypse-promo-and-production-stills\/\">here<\/a>.<\/li>\r\n<li>See the film&#8217;s credits <a href=\"https:\/\/thedollchronicles.com\/dsite\/the-films\/apocalypse-the-doll-chronicles\/about-apocalypse\/\">here<\/a>.<\/li>\r\n<li>Listen to the film&#8217;s soundtrack <a href=\"https:\/\/www.francoesteve.com\/music\/apocalypse-the-doll-chronicles-original-soundtrack\/\">here<\/a>.<\/li>\r\n<\/ul>\r\n<p>&nbsp;<\/p>\r\n<p>&#8212;<br \/>Protect your privacy and support The Doll Chronicles and Franco Esteve by signing up for our favorite VPN service, NordVPN, using this link: <a href=\"https:\/\/goo.gl\/Vuqm5v\">https:\/\/goo.gl\/Vuqm5v<\/a> It\u2019s the one we all use and is the best in the world.<\/p>\r\n","protected":false},"excerpt":{"rendered":"<p>Film, Trailer &amp; Info \u2022 Promo &amp; Production Stills \u2022 Film Credits Watch the film on YouTube [&hellip;]<\/p>\n","protected":false},"author":1,"featured_media":0,"parent":52,"menu_order":0,"comment_status":"closed","ping_status":"closed","template":"","meta":{"advanced_seo_description":"","jetpack_seo_html_title":"","jetpack_seo_noindex":false,"footnotes":""},"class_list":["post-39","page","type-page","status-publish","hentry"],"jetpack_sharing_enabled":true,"jetpack_shortlink":"https:\/\/wp.me\/Pd9cpw-D","_links":{"self":[{"href":"https:\/\/thedollchronicles.com\/dsite\/wp-json\/wp\/v2\/pages\/39","targetHints":{"allow":["GET"]}}],"collection":[{"href":"https:\/\/thedollchronicles.com\/dsite\/wp-json\/wp\/v2\/pages"}],"about":[{"href":"https:\/\/thedollchronicles.com\/dsite\/wp-json\/wp\/v2\/types\/page"}],"author":[{"embeddable":true,"href":"https:\/\/thedollchronicles.com\/dsite\/wp-json\/wp\/v2\/users\/1"}],"replies":[{"embeddable":true,"href":"https:\/\/thedollchronicles.com\/dsite\/wp-json\/wp\/v2\/comments?post=39"}],"version-history":[{"count":31,"href":"https:\/\/thedollchronicles.com\/dsite\/wp-json\/wp\/v2\/pages\/39\/revisions"}],"predecessor-version":[{"id":6871,"href":"https:\/\/thedollchronicles.com\/dsite\/wp-json\/wp\/v2\/pages\/39\/revisions\/6871"}],"up":[{"embeddable":true,"href":"https:\/\/thedollchronicles.com\/dsite\/wp-json\/wp\/v2\/pages\/52"}],"wp:attachment":[{"href":"https:\/\/thedollchronicles.com\/dsite\/wp-json\/wp\/v2\/media?parent=39"}],"curies":[{"name":"wp","href":"https:\/\/api.w.org\/{rel}","templated":true}]}}