{"id":37,"date":"2021-06-12T10:13:29","date_gmt":"2021-06-12T10:13:29","guid":{"rendered":"https:\/\/thedollchronicles.com\/dsite\/?page_id=37"},"modified":"2025-04-11T11:00:19","modified_gmt":"2025-04-11T11:00:19","slug":"consequence-the-doll-chronicles","status":"publish","type":"page","link":"https:\/\/thedollchronicles.com\/dsite\/the-films\/consequence-the-doll-chronicles\/","title":{"rendered":"Consequence, The Doll Chronicles"},"content":{"rendered":"<h4 style=\"text-align: center;\">Film, Trailer &amp; Info \u2022 <a style=\"color: #e3d212;\" href=\"https:\/\/thedollchronicles.com\/dsite\/the-films\/consequence-the-doll-chronicles\/consequence-production-stills\/\">Promo &amp; Production Stills<\/a> \u2022 <a style=\"color: #e3d212;\" href=\"https:\/\/thedollchronicles.com\/dsite\/the-films\/consequence-the-doll-chronicles\/consequence-anecdotes-and-interviews\/\">Anecdotes &amp; Interviews<\/a> \u2022\u00a0<a style=\"color: #e3d212;\" href=\"https:\/\/thedollchronicles.com\/dsite\/the-films\/consequence-the-doll-chronicles\/consequence-film-credits\/\">Film Credits<\/a><\/h4>\r\n<hr \/>\r\n<p style=\"text-align: center;\">Watch the full short film here and read more about it below:<\/p>\r\n\r\n<p>&nbsp;<\/p>\r\n<h2 style=\"text-align: center;\">About Consequence, The Doll Chronicles<\/h2>\r\n<p>&nbsp;<\/p>\r\n<!-- \/wp:post-content -->\r\n\r\n<!-- wp:heading {\"level\":3} -->\r\n<h2>The story<\/h2>\r\n<p>&nbsp;<\/p>\r\n<!-- \/wp:heading -->\r\n\r\n<!-- wp:paragraph -->\r\n<p>Consequence, the Doll Chronicles is a story about the consequences of falling in love with the wrong man, and making some wrong choices. Doll is a girl having drinks with her friends at a holiday bar. She meets Ken and falls in love. He introduces her to drugs and consequences ensue.<\/p>\r\n<p>&nbsp;<\/p>\r\n<!-- \/wp:paragraph -->\r\n\r\n<!-- wp:heading -->\r\n<h2>Origins<\/h2>\r\n<p>&nbsp;<\/p>\r\n<!-- \/wp:heading -->\r\n\r\n<!-- wp:paragraph -->\r\n<p>Franco Esteve was inspired by a Larry Clark photo from his Tulsa collection in which a woman is in bed with a man, cowgirl position, as he injects her with drugs. The love, trust, and submission in that photo and some recent news stories of events near his home had created a story in Franco&#8217;s head that he really wanted to tell, so after filming Paranoia, The Doll Chronicles, the idea took form and took over and he knew that it was the perfect story for the next film in the series.<\/p>\r\n<!-- \/wp:paragraph -->\r\n\r\n<!-- wp:paragraph -->\r\n<p>He quickly set out to look for the actors he would need, and with Emma Saura Woods&#8217; help, not only were the main actors found, the wonderful Marisa Reyes Dur\u00e1n and Bernat Piz\u00e0 Galm\u00e9s, but also the people for the more complicated parts of the story. Being a no-budget short film made that part a bit more complicated, but our actors were more than up to the task and did a bang up job.<\/p>\r\n<!-- \/wp:paragraph -->\r\n\r\n<!-- wp:paragraph -->\r\n<p>Planning was set and principal photography was completed within a couple of days at Bora Bora Polynesian Bar, an old house, and around the Cala Ratjada area.<\/p>\r\n<p style=\"text-align: center;\"><strong>Watch the trailer<\/strong><\/p>\r\n\r\n<p>&nbsp;<\/p>\r\n<!-- \/wp:paragraph -->\r\n\r\n<!-- wp:heading -->\r\n<h2>Release<\/h2>\r\n<p>&nbsp;<\/p>\r\n<!-- \/wp:heading -->\r\n\r\n<!-- wp:paragraph -->\r\n<p>The film was completed and released in 2014, screened by a number of festivals, receiving a number of accolades along the way, particularly for its soundtrack and how it perfectly drives the story and takes you on Doll&#8217;s emotional journey.\u00a0 \u00a0<\/p>\r\n<!-- \/wp:paragraph -->\r\n\r\n<!-- wp:paragraph -->\r\n<p>&nbsp;<\/p>\r\n<h3 style=\"text-align: center;\">Watch and More<\/h3>\r\n<p><!-- \/wp:paragraph -->\r\n\r\n<!-- wp:paragraph --><\/p>\r\n<ul>\r\n<li><a href=\"https:\/\/youtu.be\/1Rxxuwvu1Hs\">Watch the trailer<\/a> on YouTube, on this page or on Franco Esteve&#8217;s YouTube channel\u00a0<a href=\"https:\/\/youtu.be\/znaxA_yJsMc\">here<\/a>.<\/li>\r\n<li><a href=\"https:\/\/vimeo.com\/167652657\">Watch the film<\/a> on Vimeo, or at the top of this page.<\/li>\r\n<li><a href=\"https:\/\/thedollchronicles.com\/dsite\/the-films\/consequence-the-doll-chronicles\/consequence-anecdotes-and-interviews\/\">Read<\/a> some anecdotes from the production.<\/li>\r\n<li>See promo and production stills <a href=\"https:\/\/thedollchronicles.com\/dsite\/the-films\/consequence-the-doll-chronicles\/consequence-production-stills\/\">here<\/a>.<\/li>\r\n<li>See the film&#8217;s credits <a href=\"https:\/\/thedollchronicles.com\/dsite\/the-films\/consequence-the-doll-chronicles\/consequence-film-credits\/\">here<\/a>.<\/li>\r\n<\/ul>\r\n<p>&#8212;<\/p>\r\n<p>Protect your privacy and support The Doll Chronicles and Franco Esteve by signing up for our favorite VPN service, NordVPN, using this link: <a href=\"https:\/\/goo.gl\/Vuqm5v\">https:\/\/goo.gl\/Vuqm5v<\/a> It\u2019s the one we all use and is the best in the world.<\/p>","protected":false},"excerpt":{"rendered":"<p>Film, Trailer &amp; Info \u2022 Promo &amp; Production Stills \u2022 Anecdotes &amp; Interviews \u2022\u00a0Film Credits Watch the [&hellip;]<\/p>\n","protected":false},"author":1,"featured_media":0,"parent":52,"menu_order":0,"comment_status":"closed","ping_status":"closed","template":"","meta":{"advanced_seo_description":"","jetpack_seo_html_title":"","jetpack_seo_noindex":false,"footnotes":""},"class_list":["post-37","page","type-page","status-publish","hentry"],"jetpack_sharing_enabled":true,"jetpack_shortlink":"https:\/\/wp.me\/Pd9cpw-B","_links":{"self":[{"href":"https:\/\/thedollchronicles.com\/dsite\/wp-json\/wp\/v2\/pages\/37","targetHints":{"allow":["GET"]}}],"collection":[{"href":"https:\/\/thedollchronicles.com\/dsite\/wp-json\/wp\/v2\/pages"}],"about":[{"href":"https:\/\/thedollchronicles.com\/dsite\/wp-json\/wp\/v2\/types\/page"}],"author":[{"embeddable":true,"href":"https:\/\/thedollchronicles.com\/dsite\/wp-json\/wp\/v2\/users\/1"}],"replies":[{"embeddable":true,"href":"https:\/\/thedollchronicles.com\/dsite\/wp-json\/wp\/v2\/comments?post=37"}],"version-history":[{"count":14,"href":"https:\/\/thedollchronicles.com\/dsite\/wp-json\/wp\/v2\/pages\/37\/revisions"}],"predecessor-version":[{"id":7259,"href":"https:\/\/thedollchronicles.com\/dsite\/wp-json\/wp\/v2\/pages\/37\/revisions\/7259"}],"up":[{"embeddable":true,"href":"https:\/\/thedollchronicles.com\/dsite\/wp-json\/wp\/v2\/pages\/52"}],"wp:attachment":[{"href":"https:\/\/thedollchronicles.com\/dsite\/wp-json\/wp\/v2\/media?parent=37"}],"curies":[{"name":"wp","href":"https:\/\/api.w.org\/{rel}","templated":true}]}}